{"id":297,"date":"2023-07-16T18:07:13","date_gmt":"2023-07-16T18:07:13","guid":{"rendered":"https:\/\/vorderreihe1.de\/home\/?page_id=297"},"modified":"2023-08-29T08:53:30","modified_gmt":"2023-08-29T08:53:30","slug":"travemuende","status":"publish","type":"page","link":"https:\/\/vorderreihe1.de\/home\/travemuende\/","title":{"rendered":"Travem\u00fcnde"},"content":{"rendered":"\n<h4 class=\"wp-block-heading\">&nbsp;&#8211; Ein maritimer Schatz an der Ostsee &#8211;<\/h4>\n\n\n\n<figure class=\"wp-block-image size-large\"><img loading=\"lazy\" decoding=\"async\" width=\"1024\" height=\"234\" src=\"https:\/\/vorderreihe1.de\/wp-content\/uploads\/2023\/07\/TRA_01-1024x234.png\" alt=\"\" class=\"wp-image-300\" srcset=\"https:\/\/vorderreihe1.de\/wp-content\/uploads\/2023\/07\/TRA_01-1024x234.png 1024w, https:\/\/vorderreihe1.de\/wp-content\/uploads\/2023\/07\/TRA_01-300x69.png 300w, https:\/\/vorderreihe1.de\/wp-content\/uploads\/2023\/07\/TRA_01-768x176.png 768w, https:\/\/vorderreihe1.de\/wp-content\/uploads\/2023\/07\/TRA_01.png 1162w\" sizes=\"auto, (max-width: 1024px) 100vw, 1024px\" \/><\/figure>\n\n\n\n<p>Heute m\u00f6chte ich Travem\u00fcnde pr\u00e4sentieren. Travem\u00fcnde, ein malerischer K\u00fcstenort an der Ostsee, ist ein wahrer maritimer Schatz. Tauchen wir gemeinsam in die faszinierende Welt von Travem\u00fcnde ein.<\/p>\n\n\n\n<h6 class=\"wp-block-heading\">1. Geschichte:<\/h6>\n\n\n\n<figure class=\"wp-block-image size-full\"><img loading=\"lazy\" decoding=\"async\" width=\"932\" height=\"660\" src=\"https:\/\/vorderreihe1.de\/wp-content\/uploads\/2023\/07\/TRA_02.png\" alt=\"\" class=\"wp-image-302\" srcset=\"https:\/\/vorderreihe1.de\/wp-content\/uploads\/2023\/07\/TRA_02.png 932w, https:\/\/vorderreihe1.de\/wp-content\/uploads\/2023\/07\/TRA_02-300x212.png 300w, https:\/\/vorderreihe1.de\/wp-content\/uploads\/2023\/07\/TRA_02-768x544.png 768w\" sizes=\"auto, (max-width: 932px) 100vw, 932px\" \/><\/figure>\n\n\n\n<p>Travem\u00fcnde blickt auf eine reiche Geschichte zur\u00fcck, die bis ins 12. Jahrhundert reicht. Urspr\u00fcnglich als Fischersiedlung gegr\u00fcndet, entwickelte sich der Ort im Laufe der Jahrhunderte zu einem bedeutenden Hafen und Handelszentrum. Seine maritime Tradition ist bis heute lebendig.<\/p>\n\n\n\n<h6 class=\"wp-block-heading\">2. Der Strand:<\/h6>\n\n\n\n<figure class=\"wp-block-image size-large\"><img loading=\"lazy\" decoding=\"async\" width=\"1024\" height=\"410\" src=\"https:\/\/vorderreihe1.de\/wp-content\/uploads\/2023\/07\/TRA_03-1024x410.png\" alt=\"\" class=\"wp-image-304\" srcset=\"https:\/\/vorderreihe1.de\/wp-content\/uploads\/2023\/07\/TRA_03-1024x410.png 1024w, https:\/\/vorderreihe1.de\/wp-content\/uploads\/2023\/07\/TRA_03-300x120.png 300w, https:\/\/vorderreihe1.de\/wp-content\/uploads\/2023\/07\/TRA_03-768x307.png 768w, https:\/\/vorderreihe1.de\/wp-content\/uploads\/2023\/07\/TRA_03-1536x615.png 1536w, https:\/\/vorderreihe1.de\/wp-content\/uploads\/2023\/07\/TRA_03-2048x819.png 2048w\" sizes=\"auto, (max-width: 1024px) 100vw, 1024px\" \/><\/figure>\n\n\n\n<p>Ein absolutes Highlight von Travem\u00fcnde ist zweifellos der wundersch\u00f6ne Sandstrand. Mit seinem feinen wei\u00dfen Sand l\u00e4dt er zum Sonnenbaden, Spazierengehen und Entspannen ein. Ob Familien, Wassersportler oder Strandliebhaber &#8211; hier kommt jeder auf seine Kosten.<\/p>\n\n\n\n<h6 class=\"wp-block-heading\">3. Der Passagierhafen:<\/h6>\n\n\n\n<figure class=\"wp-block-image size-large\"><img loading=\"lazy\" decoding=\"async\" width=\"1024\" height=\"462\" src=\"https:\/\/vorderreihe1.de\/wp-content\/uploads\/2023\/07\/TRA_04-1024x462.png\" alt=\"\" class=\"wp-image-305\" srcset=\"https:\/\/vorderreihe1.de\/wp-content\/uploads\/2023\/07\/TRA_04-1024x462.png 1024w, https:\/\/vorderreihe1.de\/wp-content\/uploads\/2023\/07\/TRA_04-300x135.png 300w, https:\/\/vorderreihe1.de\/wp-content\/uploads\/2023\/07\/TRA_04-768x346.png 768w, https:\/\/vorderreihe1.de\/wp-content\/uploads\/2023\/07\/TRA_04-1536x693.png 1536w, https:\/\/vorderreihe1.de\/wp-content\/uploads\/2023\/07\/TRA_04.png 1579w\" sizes=\"auto, (max-width: 1024px) 100vw, 1024px\" \/><\/figure>\n\n\n\n<p>Travem\u00fcnde ist auch ein bedeutender Passagierhafen f\u00fcr Kreuzfahrtschiffe und F\u00e4hren. Hier starten und enden regelm\u00e4\u00dfig Schiffsreisen in die Ostsee und zu anderen Destinationen. Der Anblick der majest\u00e4tischen Schiffe ist beeindruckend und verleiht dem Hafen eine besondere Atmosph\u00e4re.<\/p>\n\n\n\n<h6 class=\"wp-block-heading\">4. Die Vorderreihe:<\/h6>\n\n\n\n<figure class=\"wp-block-image size-large\"><img loading=\"lazy\" decoding=\"async\" width=\"1024\" height=\"484\" src=\"https:\/\/vorderreihe1.de\/wp-content\/uploads\/2023\/07\/TRA_5-1024x484.png\" alt=\"\" class=\"wp-image-306\" srcset=\"https:\/\/vorderreihe1.de\/wp-content\/uploads\/2023\/07\/TRA_5-1024x484.png 1024w, https:\/\/vorderreihe1.de\/wp-content\/uploads\/2023\/07\/TRA_5-300x142.png 300w, https:\/\/vorderreihe1.de\/wp-content\/uploads\/2023\/07\/TRA_5-768x363.png 768w, https:\/\/vorderreihe1.de\/wp-content\/uploads\/2023\/07\/TRA_5.png 1399w\" sizes=\"auto, (max-width: 1024px) 100vw, 1024px\" \/><\/figure>\n\n\n\n<p>Die historische Vorderreihe ist das Herzst\u00fcck von Travem\u00fcnde. Entlang dieser charmanten Promenade finden Sie eine Vielzahl von Caf\u00e9s, Restaurants und Gesch\u00e4ften. Hier k\u00f6nnen Sie gem\u00fctlich flanieren, regionale Spezialit\u00e4ten genie\u00dfen und das maritime Flair der Stadt erleben.<\/p>\n\n\n\n<h6 class=\"wp-block-heading\">5. Das Segelrevier:<\/h6>\n\n\n\n<figure class=\"wp-block-image size-large\"><img loading=\"lazy\" decoding=\"async\" width=\"1024\" height=\"595\" src=\"https:\/\/vorderreihe1.de\/wp-content\/uploads\/2023\/07\/TRA_05-1024x595.png\" alt=\"\" class=\"wp-image-307\" srcset=\"https:\/\/vorderreihe1.de\/wp-content\/uploads\/2023\/07\/TRA_05-1024x595.png 1024w, https:\/\/vorderreihe1.de\/wp-content\/uploads\/2023\/07\/TRA_05-300x174.png 300w, https:\/\/vorderreihe1.de\/wp-content\/uploads\/2023\/07\/TRA_05-768x446.png 768w, https:\/\/vorderreihe1.de\/wp-content\/uploads\/2023\/07\/TRA_05.png 1180w\" sizes=\"auto, (max-width: 1024px) 100vw, 1024px\" \/><\/figure>\n\n\n\n<p>F\u00fcr Segelbegeisterte ist Travem\u00fcnde ein wahres Paradies. Der Ort ist bekannt f\u00fcr seine Segelregatten, darunter die ber\u00fchmte Travem\u00fcnder Woche. Segler aus aller Welt kommen hierher, um ihr K\u00f6nnen unter Beweis zu stellen und die einzigartige Atmosph\u00e4re des Segelreviers zu erleben.<\/p>\n\n\n\n<h6 class=\"wp-block-heading\">6. Das Maritime Museum im alten Leuchtturm<\/h6>\n\n\n\n<figure class=\"wp-block-image size-full\"><img loading=\"lazy\" decoding=\"async\" width=\"799\" height=\"423\" src=\"https:\/\/vorderreihe1.de\/wp-content\/uploads\/2023\/07\/TRA_07.png\" alt=\"\" class=\"wp-image-309\" srcset=\"https:\/\/vorderreihe1.de\/wp-content\/uploads\/2023\/07\/TRA_07.png 799w, https:\/\/vorderreihe1.de\/wp-content\/uploads\/2023\/07\/TRA_07-300x159.png 300w, https:\/\/vorderreihe1.de\/wp-content\/uploads\/2023\/07\/TRA_07-768x407.png 768w\" sizes=\"auto, (max-width: 799px) 100vw, 799px\" \/><\/figure>\n\n\n\n<p>Wer mehr \u00fcber die maritime Geschichte von Travem\u00fcnde erfahren m\u00f6chte, sollte unbedingt das Maritim Museum besuchen. Hier k\u00f6nnen Sie interessante Exponate bewundern und in die Welt der Seefahrt eintauchen.<\/p>\n\n\n\n<figure class=\"wp-block-image size-large\"><img loading=\"lazy\" decoding=\"async\" width=\"1024\" height=\"247\" src=\"https:\/\/vorderreihe1.de\/wp-content\/uploads\/2023\/07\/TRA_06-1024x247.png\" alt=\"\" class=\"wp-image-308\" srcset=\"https:\/\/vorderreihe1.de\/wp-content\/uploads\/2023\/07\/TRA_06-1024x247.png 1024w, https:\/\/vorderreihe1.de\/wp-content\/uploads\/2023\/07\/TRA_06-300x72.png 300w, https:\/\/vorderreihe1.de\/wp-content\/uploads\/2023\/07\/TRA_06-768x186.png 768w, https:\/\/vorderreihe1.de\/wp-content\/uploads\/2023\/07\/TRA_06-1536x371.png 1536w, https:\/\/vorderreihe1.de\/wp-content\/uploads\/2023\/07\/TRA_06.png 1577w\" sizes=\"auto, (max-width: 1024px) 100vw, 1024px\" \/><\/figure>\n\n\n\n<p>Travem\u00fcnde, mit seiner reichen Geschichte, dem wundersch\u00f6nen Strand, dem lebendigen Hafen und der charmanten Vorderreihe, hat f\u00fcr jeden etwas zu bieten. Besuchen Sie diesen maritimen Schatz an der Ostsee und lassen Sie sich von seinem einzigartigen Flair verzaubern. Wir sehen uns dort.<\/p>\n","protected":false},"excerpt":{"rendered":"<p>&nbsp;&#8211; Ein maritimer Schatz an der Ostsee &#8211; Heute m\u00f6chte ich Travem\u00fcnde pr\u00e4sentieren. Travem\u00fcnde, ein malerischer K\u00fcstenort an der Ostsee, ist ein wahrer maritimer Schatz. Tauchen wir gemeinsam in die faszinierende Welt von Travem\u00fcnde ein. 1. Geschichte: Travem\u00fcnde blickt auf eine reiche Geschichte zur\u00fcck, die bis ins 12. Jahrhundert reicht. Urspr\u00fcnglich als Fischersiedlung gegr\u00fcndet, entwickelte [&hellip;]<\/p>\n","protected":false},"author":2,"featured_media":0,"parent":0,"menu_order":0,"comment_status":"closed","ping_status":"closed","template":"","meta":{"footnotes":""},"class_list":["post-297","page","type-page","status-publish","hentry"],"_links":{"self":[{"href":"https:\/\/vorderreihe1.de\/home\/wp-json\/wp\/v2\/pages\/297","targetHints":{"allow":["GET"]}}],"collection":[{"href":"https:\/\/vorderreihe1.de\/home\/wp-json\/wp\/v2\/pages"}],"about":[{"href":"https:\/\/vorderreihe1.de\/home\/wp-json\/wp\/v2\/types\/page"}],"author":[{"embeddable":true,"href":"https:\/\/vorderreihe1.de\/home\/wp-json\/wp\/v2\/users\/2"}],"replies":[{"embeddable":true,"href":"https:\/\/vorderreihe1.de\/home\/wp-json\/wp\/v2\/comments?post=297"}],"version-history":[{"count":12,"href":"https:\/\/vorderreihe1.de\/home\/wp-json\/wp\/v2\/pages\/297\/revisions"}],"predecessor-version":[{"id":442,"href":"https:\/\/vorderreihe1.de\/home\/wp-json\/wp\/v2\/pages\/297\/revisions\/442"}],"wp:attachment":[{"href":"https:\/\/vorderreihe1.de\/home\/wp-json\/wp\/v2\/media?parent=297"}],"curies":[{"name":"wp","href":"https:\/\/api.w.org\/{rel}","templated":true}]}}