{"id":6,"date":"2023-07-09T09:03:36","date_gmt":"2023-07-09T09:03:36","guid":{"rendered":"https:\/\/vorderreihe1.de\/?page_id=6"},"modified":"2024-03-27T18:43:16","modified_gmt":"2024-03-27T18:43:16","slug":"home","status":"publish","type":"page","link":"https:\/\/vorderreihe1.de\/home\/","title":{"rendered":"Home"},"content":{"rendered":"\n<p class=\"has-text-color\" style=\"color:#034267\">Genie\u00dfen Sie Ihren Urlaub in einer charmanten Ferienwohnung, die sich direkt im Zentrum von Travem\u00fcnde in der begehrten Vorderreihe befindet. Die historische Wohnung erstreckt sich \u00fcber das 1. und 2. Obergeschoss eines 250 Jahre alten Fachwerkhauses und bietet einen unvergleichlichen Aufenthalt.<\/p>\n\n\n\n<p class=\"has-text-color\" style=\"color:#034267\">Das Alter des Hauses verleiht der Wohnung ein besonders gem\u00fctliches Ambiente. Sie wurde vollst\u00e4ndig renoviert und liebevoll eingerichtet. Die offene K\u00fcche ist mit neuester Technik ausgestattet, einschlie\u00dflich Geschirrsp\u00fcler und Nespresso-Kaffeemaschine.<\/p>\n\n\n\n<figure class=\"wp-block-image size-large\"><img loading=\"lazy\" decoding=\"async\" width=\"1080\" height=\"675\" src=\"https:\/\/vorderreihe1.de\/wp-content\/uploads\/2023\/07\/ferienwohnung-an-der-trave29-edited-1.jpeg\" alt=\"\" class=\"wp-image-294\" srcset=\"https:\/\/vorderreihe1.de\/wp-content\/uploads\/2023\/07\/ferienwohnung-an-der-trave29-edited-1.jpeg 1080w, https:\/\/vorderreihe1.de\/wp-content\/uploads\/2023\/07\/ferienwohnung-an-der-trave29-edited-1-300x188.jpeg 300w, https:\/\/vorderreihe1.de\/wp-content\/uploads\/2023\/07\/ferienwohnung-an-der-trave29-edited-1-1024x640.jpeg 1024w, https:\/\/vorderreihe1.de\/wp-content\/uploads\/2023\/07\/ferienwohnung-an-der-trave29-edited-1-768x480.jpeg 768w\" sizes=\"auto, (max-width: 1080px) 100vw, 1080px\" \/><\/figure>\n\n\n\n<p class=\"has-text-color\" style=\"color:#034267\">Von nahezu allen R\u00e4umen aus genie\u00dfen Sie einen wunderbaren Blick auf die malerische Trave. Im Innenhof finden Sie au\u00dferdem eine voll ausgestattete Terrasse, die zum Verweilen und Tr\u00e4umen einl\u00e4dt. Als besonderes Highlight bietet die Ferienwohnung einen reservierten Dauerstrandkorb am Sandstrand von Travem\u00fcnde, der kostenlos f\u00fcr Sie zur Verf\u00fcgung steht.<\/p>\n\n\n\n<p class=\"has-text-color\" style=\"color:#034267\">Verpassen Sie nicht die Gelegenheit, Ihren Urlaub in dieser wundersch\u00f6nen Ferienwohnung zu verbringen. Sichern Sie sich jetzt Ihren Aufenthalt und erleben Sie Travem\u00fcnde von seiner sch\u00f6nsten Seite!<\/p>\n\n\n\n<figure class=\"wp-block-image size-large\"><img loading=\"lazy\" decoding=\"async\" width=\"1024\" height=\"149\" src=\"https:\/\/vorderreihe1.de\/wp-content\/uploads\/2023\/07\/TRA_09-1-1024x149.png\" alt=\"\" class=\"wp-image-331\" srcset=\"https:\/\/vorderreihe1.de\/wp-content\/uploads\/2023\/07\/TRA_09-1-1024x149.png 1024w, https:\/\/vorderreihe1.de\/wp-content\/uploads\/2023\/07\/TRA_09-1-300x44.png 300w, https:\/\/vorderreihe1.de\/wp-content\/uploads\/2023\/07\/TRA_09-1-768x111.png 768w, https:\/\/vorderreihe1.de\/wp-content\/uploads\/2023\/07\/TRA_09-1-1536x223.png 1536w, https:\/\/vorderreihe1.de\/wp-content\/uploads\/2023\/07\/TRA_09-1.png 1896w\" sizes=\"auto, (max-width: 1024px) 100vw, 1024px\" \/><\/figure>\n\n\n\n<p class=\"has-text-color has-link-color wp-elements-d63f6c378cbd596706351c10a86186b7\" style=\"color:#034267\">Schreiben Sie uns \u00fcber das <strong><a href=\"http:\/\/Vorderreihe1.de\/kontakt\" data-type=\"URL\" data-id=\"Vorderreihe1.de\/kontakt\">Kontaktformular<\/a><\/strong>, um weitere Informationen zu erfragen<\/p>\n\n\n\n<div class=\"wp-block-columns is-layout-flex wp-container-core-columns-is-layout-28f84493 wp-block-columns-is-layout-flex\">\n<div class=\"wp-block-column is-layout-flow wp-block-column-is-layout-flow\" style=\"flex-basis:66.66%\">\n<p class=\"has-text-align-right\">oder Buchen Sie \u00fcber diesen Link<\/p>\n\n\n\n<p class=\"has-text-align-right has-text-color has-link-color has-medium-font-size wp-elements-18e465137ea7e557172c74b75296bf11\" style=\"color:#034267\"><sup><a rel=\"noreferrer noopener\" href=\"http:\/\/travemuendeferienwohnungen.de\/ferienwohnungen\/ferienwohnung-an-der-trave\/\" target=\"_blank\">www. travemuendeferienwohnungen.de<\/a>  <\/sup><\/p>\n<\/div>\n\n\n\n<div class=\"wp-block-column is-layout-flow wp-block-column-is-layout-flow\" style=\"flex-basis:33.33%\">\n<figure class=\"wp-block-image size-full is-resized\"><img loading=\"lazy\" decoding=\"async\" width=\"386\" height=\"387\" src=\"https:\/\/vorderreihe1.de\/wp-content\/uploads\/2023\/07\/QR-Code-Buchung.png\" alt=\"\" class=\"wp-image-347\" style=\"width:97px;height:97px\" srcset=\"https:\/\/vorderreihe1.de\/wp-content\/uploads\/2023\/07\/QR-Code-Buchung.png 386w, https:\/\/vorderreihe1.de\/wp-content\/uploads\/2023\/07\/QR-Code-Buchung-300x300.png 300w, https:\/\/vorderreihe1.de\/wp-content\/uploads\/2023\/07\/QR-Code-Buchung-150x150.png 150w\" sizes=\"auto, (max-width: 386px) 100vw, 386px\" \/><\/figure>\n<\/div>\n<\/div>\n","protected":false},"excerpt":{"rendered":"<p>Genie\u00dfen Sie Ihren Urlaub in einer charmanten Ferienwohnung, die sich direkt im Zentrum von Travem\u00fcnde in der begehrten Vorderreihe befindet. Die historische Wohnung erstreckt sich \u00fcber das 1. und 2. Obergeschoss eines 250 Jahre alten Fachwerkhauses und bietet einen unvergleichlichen Aufenthalt. Das Alter des Hauses verleiht der Wohnung ein besonders gem\u00fctliches Ambiente. Sie wurde vollst\u00e4ndig [&hellip;]<\/p>\n","protected":false},"author":1,"featured_media":0,"parent":0,"menu_order":0,"comment_status":"closed","ping_status":"closed","template":"","meta":{"footnotes":""},"class_list":["post-6","page","type-page","status-publish","hentry"],"_links":{"self":[{"href":"https:\/\/vorderreihe1.de\/home\/wp-json\/wp\/v2\/pages\/6","targetHints":{"allow":["GET"]}}],"collection":[{"href":"https:\/\/vorderreihe1.de\/home\/wp-json\/wp\/v2\/pages"}],"about":[{"href":"https:\/\/vorderreihe1.de\/home\/wp-json\/wp\/v2\/types\/page"}],"author":[{"embeddable":true,"href":"https:\/\/vorderreihe1.de\/home\/wp-json\/wp\/v2\/users\/1"}],"replies":[{"embeddable":true,"href":"https:\/\/vorderreihe1.de\/home\/wp-json\/wp\/v2\/comments?post=6"}],"version-history":[{"count":37,"href":"https:\/\/vorderreihe1.de\/home\/wp-json\/wp\/v2\/pages\/6\/revisions"}],"predecessor-version":[{"id":448,"href":"https:\/\/vorderreihe1.de\/home\/wp-json\/wp\/v2\/pages\/6\/revisions\/448"}],"wp:attachment":[{"href":"https:\/\/vorderreihe1.de\/home\/wp-json\/wp\/v2\/media?parent=6"}],"curies":[{"name":"wp","href":"https:\/\/api.w.org\/{rel}","templated":true}]}}